{"id":493,"date":"2017-11-08T13:23:26","date_gmt":"2017-11-08T18:23:26","guid":{"rendered":"https:\/\/erictanios.com\/?page_id=493"},"modified":"2017-11-08T14:45:54","modified_gmt":"2017-11-08T19:45:54","slug":"garantie-de-vente","status":"publish","type":"page","link":"https:\/\/erictanios.com\/en\/landing\/garantie-de-vente\/","title":{"rendered":"Notre garantie de vente"},"content":{"rendered":"<p><\/p>\n\r\n\t<div class=\"header\">\r\n\t\t<div class=\"content\">\r\n\t\t\t<div class=\"title\">Notre garantie de satisfaction \u00e0 l'achat<sup>*<\/sup><\/div>\r\n\t\t\t<div class=\"tag1\">Protection gratuite, si vous n'\u00eates pas satisfait de votre propri\u00e9t\u00e9 dans les 24 mois apr\u00e8s l'achat.<\/div>\r\n\t\t\t<div class=\"tag2\">je m'engage a la revendre gratuitement<\/div>\r\n\t\t<\/div>\r\n\r\n\t<\/div>\r\n\r\n\t<div class=\"contact_form content\">\r\n\t\t\n                <div class='gf_browser_gecko gform_wrapper gform_legacy_markup_wrapper gform-theme--no-framework' data-form-theme='legacy' data-form-index='0' id='gform_wrapper_2' ><div id='gf_2' class='gform_anchor' tabindex='-1'><\/div><form method='post' enctype='multipart\/form-data' target='gform_ajax_frame_2' id='gform_2'  action='\/en\/wp-json\/wp\/v2\/pages\/493#gf_2' data-formid='2' novalidate> \r\n <input type='hidden' class='gforms-pum' value='{\"closepopup\":false,\"closedelay\":0,\"openpopup\":false,\"openpopup_id\":0}' \/>\n                        <div class='gform-body gform_body'><ul id='gform_fields_2' class='gform_fields top_label form_sublabel_below description_below validation_below'><li id=\"field_2_5\" class=\"gfield gfield--type-honeypot gform_validation_container field_sublabel_below gfield--has-description field_description_below field_validation_below gfield_visibility_visible\"  ><label class='gfield_label gform-field-label' for='input_2_5'>URL<\/label><div class='ginput_container'><input name='input_5' id='input_2_5' type='text' value='' autocomplete='new-password'\/><\/div><div class='gfield_description' id='gfield_description_2_5'>This field is for validation purposes and should be left unchanged.<\/div><\/li><li id=\"field_2_1\" class=\"gfield gfield--type-text gfield_contains_required field_sublabel_below gfield--no-description field_description_below field_validation_below gfield_visibility_visible\"  ><label class='gfield_label gform-field-label' for='input_2_1'>Nom<span class=\"gfield_required\"><span class=\"gfield_required gfield_required_asterisk\">*<\/span><\/span><\/label><div class='ginput_container ginput_container_text'><input name='input_1' id='input_2_1' type='text' value='' class='large'     aria-required=\"true\" aria-invalid=\"false\"   \/><\/div><\/li><li id=\"field_2_2\" class=\"gfield gfield--type-email gfield_contains_required field_sublabel_below gfield--no-description field_description_below field_validation_below gfield_visibility_visible\"  ><label class='gfield_label gform-field-label' for='input_2_2'>Courriel<span class=\"gfield_required\"><span class=\"gfield_required gfield_required_asterisk\">*<\/span><\/span><\/label><div class='ginput_container ginput_container_email'>\n                            <input name='input_2' id='input_2_2' type='email' value='' class='large'    aria-required=\"true\" aria-invalid=\"false\"  \/>\n                        <\/div><\/li><li id=\"field_2_3\" class=\"gfield gfield--type-phone field_sublabel_below gfield--no-description field_description_below field_validation_below gfield_visibility_visible\"  ><label class='gfield_label gform-field-label' for='input_2_3'>T\u00e9l\u00e9phone<\/label><div class='ginput_container ginput_container_phone'><input name='input_3' id='input_2_3' type='tel' value='' class='large'    aria-invalid=\"false\"   \/><\/div><\/li><li id=\"field_2_4\" class=\"gfield gfield--type-text gfield_contains_required field_sublabel_below gfield--no-description field_description_below field_validation_below gfield_visibility_visible\"  ><label class='gfield_label gform-field-label' for='input_2_4'>Adresse postal<span class=\"gfield_required\"><span class=\"gfield_required gfield_required_asterisk\">*<\/span><\/span><\/label><div class='ginput_container ginput_container_text'><input name='input_4' id='input_2_4' type='text' value='' class='large'     aria-required=\"true\" aria-invalid=\"false\"   \/><\/div><\/li><\/ul><\/div>\n        <div class='gform-footer gform_footer top_label'> <input type='submit' id='gform_submit_button_2' class='gform_button button' onclick='gform.submission.handleButtonClick(this);' data-submission-type='submit' value='En savoir plus'  \/> <input type='hidden' name='gform_ajax' value='form_id=2&amp;title=&amp;description=&amp;tabindex=0&amp;theme=legacy&amp;styles=[]&amp;hash=99de747ba109728982a5a3b82dbfbc0c' \/>\n            <input type='hidden' class='gform_hidden' name='gform_submission_method' data-js='gform_submission_method_2' value='iframe' \/>\n            <input type='hidden' class='gform_hidden' name='gform_theme' data-js='gform_theme_2' id='gform_theme_2' value='legacy' \/>\n            <input type='hidden' class='gform_hidden' name='gform_style_settings' data-js='gform_style_settings_2' id='gform_style_settings_2' value='[]' \/>\n            <input type='hidden' class='gform_hidden' name='is_submit_2' value='1' \/>\n            <input type='hidden' class='gform_hidden' name='gform_submit' value='2' \/>\n            \n            <input type='hidden' class='gform_hidden' name='gform_currency' data-currency='USD' value='TQ++6O76ZZ+KFohX1T948BfDdP35m7FwhBp0I41hgXyxlP4g7tcmqUXSNcqrowV\/q+RGNft2SAToogKGfQ3DobxKmAjcjQm55DTshQE\/Md7ABzQ=' \/>\n            <input type='hidden' class='gform_hidden' name='gform_unique_id' value='' \/>\n            <input type='hidden' class='gform_hidden' name='state_2' value='WyJbXSIsImFjOTk3YTc1ZmYzYjhmYmYwYmQ3MjE5MzRkMGUyYjg2Il0=' \/>\n            <input type='hidden' autocomplete='off' class='gform_hidden' name='gform_target_page_number_2' id='gform_target_page_number_2' value='0' \/>\n            <input type='hidden' autocomplete='off' class='gform_hidden' name='gform_source_page_number_2' id='gform_source_page_number_2' value='1' \/>\n            <input type='hidden' name='gform_field_values' value='' \/>\n            \n        <\/div>\n                        <\/form>\n                        <\/div>\n\t\t                <iframe style='display:none;width:0px;height:0px;' src='about:blank' name='gform_ajax_frame_2' id='gform_ajax_frame_2' title='This iframe contains the logic required to handle Ajax powered Gravity Forms.'><\/iframe>\n\t\t                <script type=\"text\/javascript\">\n\/* <![CDATA[ *\/\n gform.initializeOnLoaded( function() {gformInitSpinner( 2, 'https:\/\/erictanios.com\/wp-content\/plugins\/gravityforms\/images\/spinner.svg', true );jQuery('#gform_ajax_frame_2').on('load',function(){var contents = jQuery(this).contents().find('*').html();var is_postback = contents.indexOf('GF_AJAX_POSTBACK') >= 0;if(!is_postback){return;}var form_content = jQuery(this).contents().find('#gform_wrapper_2');var is_confirmation = jQuery(this).contents().find('#gform_confirmation_wrapper_2').length > 0;var is_redirect = contents.indexOf('gformRedirect(){') >= 0;var is_form = form_content.length > 0 && ! is_redirect && ! is_confirmation;var mt = parseInt(jQuery('html').css('margin-top'), 10) + parseInt(jQuery('body').css('margin-top'), 10) + 100;if(is_form){jQuery('#gform_wrapper_2').html(form_content.html());if(form_content.hasClass('gform_validation_error')){jQuery('#gform_wrapper_2').addClass('gform_validation_error');} else {jQuery('#gform_wrapper_2').removeClass('gform_validation_error');}setTimeout( function() { \/* delay the scroll by 50 milliseconds to fix a bug in chrome *\/ jQuery(document).scrollTop(jQuery('#gform_wrapper_2').offset().top - mt); }, 50 );if(window['gformInitDatepicker']) {gformInitDatepicker();}if(window['gformInitPriceFields']) {gformInitPriceFields();}var current_page = jQuery('#gform_source_page_number_2').val();gformInitSpinner( 2, 'https:\/\/erictanios.com\/wp-content\/plugins\/gravityforms\/images\/spinner.svg', true );jQuery(document).trigger('gform_page_loaded', [2, current_page]);window['gf_submitting_2'] = false;}else if(!is_redirect){var confirmation_content = jQuery(this).contents().find('.GF_AJAX_POSTBACK').html();if(!confirmation_content){confirmation_content = contents;}jQuery('#gform_wrapper_2').replaceWith(confirmation_content);jQuery(document).scrollTop(jQuery('#gf_2').offset().top - mt);jQuery(document).trigger('gform_confirmation_loaded', [2]);window['gf_submitting_2'] = false;wp.a11y.speak(jQuery('#gform_confirmation_message_2').text());}else{jQuery('#gform_2').append(contents);if(window['gformRedirect']) {gformRedirect();}}jQuery(document).trigger(\"gform_pre_post_render\", [{ formId: \"2\", currentPage: \"current_page\", abort: function() { this.preventDefault(); } }]);        if (event && event.defaultPrevented) {                return;        }        const gformWrapperDiv = document.getElementById( \"gform_wrapper_2\" );        if ( gformWrapperDiv ) {            const visibilitySpan = document.createElement( \"span\" );            visibilitySpan.id = \"gform_visibility_test_2\";            gformWrapperDiv.insertAdjacentElement( \"afterend\", visibilitySpan );        }        const visibilityTestDiv = document.getElementById( \"gform_visibility_test_2\" );        let postRenderFired = false;        function triggerPostRender() {            if ( postRenderFired ) {                return;            }            postRenderFired = true;            gform.core.triggerPostRenderEvents( 2, current_page );            if ( visibilityTestDiv ) {                visibilityTestDiv.parentNode.removeChild( visibilityTestDiv );            }        }        function debounce( func, wait, immediate ) {            var timeout;            return function() {                var context = this, args = arguments;                var later = function() {                    timeout = null;                    if ( !immediate ) func.apply( context, args );                };                var callNow = immediate && !timeout;                clearTimeout( timeout );                timeout = setTimeout( later, wait );                if ( callNow ) func.apply( context, args );            };        }        const debouncedTriggerPostRender = debounce( function() {            triggerPostRender();        }, 200 );        if ( visibilityTestDiv && visibilityTestDiv.offsetParent === null ) {            const observer = new MutationObserver( ( mutations ) => {                mutations.forEach( ( mutation ) => {                    if ( mutation.type === 'attributes' && visibilityTestDiv.offsetParent !== null ) {                        debouncedTriggerPostRender();                        observer.disconnect();                    }                });            });            observer.observe( document.body, {                attributes: true,                childList: false,                subtree: true,                attributeFilter: [ 'style', 'class' ],            });        } else {            triggerPostRender();        }    } );} ); \n\/* ]]> *\/\n<\/script>\n\t\t\r\n\t<\/div>\r\n\r\n\t<div class=\"condition content\"><sup>*<\/sup>Des conditions s\u2019apliquent, \u00e0 v\u00e9rifier avec le courtier<\/div>\r\n\r\n\t\n<p><\/p>","protected":false},"excerpt":{"rendered":"","protected":false},"author":121,"featured_media":0,"parent":486,"menu_order":0,"comment_status":"closed","ping_status":"closed","template":"page-templates\/landing_page_minimalist.php","meta":{"_acf_changed":false,"footnotes":""},"class_list":["post-493","page","type-page","status-publish","hentry"],"acf":[],"yoast_head":"<!-- This site is optimized with the Yoast SEO plugin v26.7 - https:\/\/yoast.com\/wordpress\/plugins\/seo\/ -->\n<title>Notre garantie de vente | Via Capitale<\/title>\n<meta name=\"robots\" content=\"index, follow, max-snippet:-1, max-image-preview:large, max-video-preview:-1\" \/>\n<link rel=\"canonical\" href=\"https:\/\/erictanios.com\/landing\/garantie-de-vente\/\" \/>\n<meta property=\"og:locale\" content=\"en_US\" \/>\n<meta property=\"og:type\" content=\"article\" \/>\n<meta property=\"og:title\" content=\"Notre garantie de vente | Via Capitale\" \/>\n<meta property=\"og:url\" content=\"https:\/\/erictanios.com\/landing\/garantie-de-vente\/\" \/>\n<meta property=\"og:site_name\" content=\"Via Capitale\" \/>\n<meta property=\"article:publisher\" content=\"https:\/\/www.facebook.com\/satisfactiongarantie\/\" \/>\n<meta property=\"article:modified_time\" content=\"2017-11-08T19:45:54+00:00\" \/>\n<meta name=\"twitter:card\" content=\"summary_large_image\" \/>\n<meta name=\"twitter:site\" content=\"@EricTanios\" \/>\n<script type=\"application\/ld+json\" class=\"yoast-schema-graph\">{\"@context\":\"https:\/\/schema.org\",\"@graph\":[{\"@type\":\"WebPage\",\"@id\":\"https:\/\/erictanios.com\/landing\/garantie-de-vente\/\",\"url\":\"https:\/\/erictanios.com\/landing\/garantie-de-vente\/\",\"name\":\"Notre garantie de vente | Via Capitale\",\"isPartOf\":{\"@id\":\"https:\/\/erictanios.com\/#website\"},\"datePublished\":\"2017-11-08T18:23:26+00:00\",\"dateModified\":\"2017-11-08T19:45:54+00:00\",\"breadcrumb\":{\"@id\":\"https:\/\/erictanios.com\/landing\/garantie-de-vente\/#breadcrumb\"},\"inLanguage\":\"en-US\",\"potentialAction\":[{\"@type\":\"ReadAction\",\"target\":[\"https:\/\/erictanios.com\/landing\/garantie-de-vente\/\"]}]},{\"@type\":\"BreadcrumbList\",\"@id\":\"https:\/\/erictanios.com\/landing\/garantie-de-vente\/#breadcrumb\",\"itemListElement\":[{\"@type\":\"ListItem\",\"position\":1,\"name\":\"Accueil\",\"item\":\"https:\/\/erictanios.com\/\"},{\"@type\":\"ListItem\",\"position\":2,\"name\":\"Landing\",\"item\":\"https:\/\/erictanios.com\/landing\/\"},{\"@type\":\"ListItem\",\"position\":3,\"name\":\"Notre garantie de vente\"}]},{\"@type\":\"WebSite\",\"@id\":\"https:\/\/erictanios.com\/#website\",\"url\":\"https:\/\/erictanios.com\/\",\"name\":\"Via Capitale\",\"description\":\"Un site du r\u00e9seau Aliquando\",\"potentialAction\":[{\"@type\":\"SearchAction\",\"target\":{\"@type\":\"EntryPoint\",\"urlTemplate\":\"https:\/\/erictanios.com\/?s={search_term_string}\"},\"query-input\":{\"@type\":\"PropertyValueSpecification\",\"valueRequired\":true,\"valueName\":\"search_term_string\"}}],\"inLanguage\":\"en-US\"}]}<\/script>\n<!-- \/ Yoast SEO plugin. -->","yoast_head_json":{"title":"Notre garantie de vente | Via Capitale","robots":{"index":"index","follow":"follow","max-snippet":"max-snippet:-1","max-image-preview":"max-image-preview:large","max-video-preview":"max-video-preview:-1"},"canonical":"https:\/\/erictanios.com\/landing\/garantie-de-vente\/","og_locale":"en_US","og_type":"article","og_title":"Notre garantie de vente | Via Capitale","og_url":"https:\/\/erictanios.com\/landing\/garantie-de-vente\/","og_site_name":"Via Capitale","article_publisher":"https:\/\/www.facebook.com\/satisfactiongarantie\/","article_modified_time":"2017-11-08T19:45:54+00:00","twitter_card":"summary_large_image","twitter_site":"@EricTanios","schema":{"@context":"https:\/\/schema.org","@graph":[{"@type":"WebPage","@id":"https:\/\/erictanios.com\/landing\/garantie-de-vente\/","url":"https:\/\/erictanios.com\/landing\/garantie-de-vente\/","name":"Notre garantie de vente | Via Capitale","isPartOf":{"@id":"https:\/\/erictanios.com\/#website"},"datePublished":"2017-11-08T18:23:26+00:00","dateModified":"2017-11-08T19:45:54+00:00","breadcrumb":{"@id":"https:\/\/erictanios.com\/landing\/garantie-de-vente\/#breadcrumb"},"inLanguage":"en-US","potentialAction":[{"@type":"ReadAction","target":["https:\/\/erictanios.com\/landing\/garantie-de-vente\/"]}]},{"@type":"BreadcrumbList","@id":"https:\/\/erictanios.com\/landing\/garantie-de-vente\/#breadcrumb","itemListElement":[{"@type":"ListItem","position":1,"name":"Accueil","item":"https:\/\/erictanios.com\/"},{"@type":"ListItem","position":2,"name":"Landing","item":"https:\/\/erictanios.com\/landing\/"},{"@type":"ListItem","position":3,"name":"Notre garantie de vente"}]},{"@type":"WebSite","@id":"https:\/\/erictanios.com\/#website","url":"https:\/\/erictanios.com\/","name":"Via Capitale","description":"Un site du r\u00e9seau Aliquando","potentialAction":[{"@type":"SearchAction","target":{"@type":"EntryPoint","urlTemplate":"https:\/\/erictanios.com\/?s={search_term_string}"},"query-input":{"@type":"PropertyValueSpecification","valueRequired":true,"valueName":"search_term_string"}}],"inLanguage":"en-US"}]}},"_links":{"self":[{"href":"https:\/\/erictanios.com\/en\/wp-json\/wp\/v2\/pages\/493","targetHints":{"allow":["GET"]}}],"collection":[{"href":"https:\/\/erictanios.com\/en\/wp-json\/wp\/v2\/pages"}],"about":[{"href":"https:\/\/erictanios.com\/en\/wp-json\/wp\/v2\/types\/page"}],"author":[{"embeddable":true,"href":"https:\/\/erictanios.com\/en\/wp-json\/wp\/v2\/users\/121"}],"replies":[{"embeddable":true,"href":"https:\/\/erictanios.com\/en\/wp-json\/wp\/v2\/comments?post=493"}],"version-history":[{"count":2,"href":"https:\/\/erictanios.com\/en\/wp-json\/wp\/v2\/pages\/493\/revisions"}],"predecessor-version":[{"id":495,"href":"https:\/\/erictanios.com\/en\/wp-json\/wp\/v2\/pages\/493\/revisions\/495"}],"up":[{"embeddable":true,"href":"https:\/\/erictanios.com\/en\/wp-json\/wp\/v2\/pages\/486"}],"wp:attachment":[{"href":"https:\/\/erictanios.com\/en\/wp-json\/wp\/v2\/media?parent=493"}],"curies":[{"name":"wp","href":"https:\/\/api.w.org\/{rel}","templated":true}]}}